{"id":11,"date":"2017-09-18T22:23:52","date_gmt":"2017-09-18T22:23:52","guid":{"rendered":"http:\/\/oscarvg.es\/?page_id=11"},"modified":"2020-03-30T12:44:46","modified_gmt":"2020-03-30T10:44:46","slug":"acerca-de","status":"publish","type":"page","link":"https:\/\/oscarvg.es\/?page_id=11","title":{"rendered":"Acerca de mi\u2026"},"content":{"rendered":"<h1 style=\"text-align: left;\">Soy OscarVG<\/h1>\n<h2 style=\"text-align: left;\">Ilustrador<br \/>\nDise\u00f1ador gr\u00e1fico<br \/>\nArte finalista<br \/>\nMaquetador de publicaciones<\/h2>\n<p style=\"text-align: left;\">Desde peque\u00f1o siempre me han apasionado los anime, las pinturas de los grandes autores cl\u00e1sicos, los comics y por supuesto todas las pel\u00edculas de dibujos animados y ficci\u00f3n que pon\u00edan todos los veranos en los cines de nuestras ciudades y pueblos.<\/p>\n<p style=\"text-align: left;\"><!--more--><\/p>\n<p style=\"text-align: left;\">Tras terminar bachillerato y tras un examen de prueba ingres\u00e9 en la Escuela de Artes Aplicadas y Oficios Art\u00edsticos n\u00ba 10 situada en la avenida Ciudad de Barcelona n\u00ba 25 en Madrid, actualmente <a href=\"http:\/\/artediez.es\/\" target=\"_blank\" rel=\"noopener noreferrer\">ARTEDIEZ<\/a>, para cursar en Ciclo Formativo de Grado Superior en Ilustraci\u00f3n. Durante el primer a\u00f1o de formaci\u00f3n entr\u00e9 a trabajar por las ma\u00f1anas como aprendiz del ilustrador <a href=\"http:\/\/www.mauromistiano.es\/\" target=\"_blank\" rel=\"noopener noreferrer\">Mauro Mistiano<\/a> con el que aprend\u00ed y trabaj\u00e9 para distintos clientes como <a href=\"http:\/\/www.mccann.es\/\" target=\"_blank\" rel=\"noopener noreferrer\">McCann<\/a>, Siemens (divisi\u00f3n de transporte), <a href=\"http:\/\/www.sente.es\/\" target=\"_blank\" rel=\"noopener noreferrer\">Sente<\/a> y un largo etc\u00e9tera. A partir de entonces hice pr\u00e1cticas de la escuela en REM Infogr\u00e1fica de modelado en 3D con 3DS Max. Trabaj\u00e9 como director de arte en la editorial Larpress. Pas\u00e9 por distintas empresas entre las que destacar\u00eda +ingenio, Enlaze3, Euyin Servicios y en la actualidad soy aut\u00f3nomo Freelance y entre mis clientes est\u00e1n el <a href=\"http:\/\/grupoadagio.es\/grupo\/\" target=\"_blank\" rel=\"noopener noreferrer\">Grupo Adagio<\/a>, <a href=\"http:\/\/www.zentralmedia.com\/\" target=\"_blank\" rel=\"noopener noreferrer\">ZentralMedia<\/a>, <a href=\"http:\/\/www.microfusa.com\/\" target=\"_blank\" rel=\"noopener noreferrer\">Microfusa<\/a> y desde octubre de 2018 colaborando de modo muy activo para <a href=\"http:\/\/www.essilor.es\">Essilor<\/a> como proveedor de servicios y a trav\u00e9s de la agencoa <a href=\"http:\/\/www.weworkfactory.com\">WeWork Factory<\/a>.<\/p>\n<p style=\"text-align: left;\">Tengo m\u00e1s de 20 a\u00f1os de experiencia en la realizaci\u00f3n y preparaci\u00f3n de todo tipo de materiales gr\u00e1ficos para diferentes formatos y soportes. Desde el concepto hasta la preparaci\u00f3n del Arte Final para impresi\u00f3n.<\/p>\n<p style=\"text-align: left;\">He trabajado en empresas dedicadas a diferentes mercados y tipos de clientes. Pasando por agencia de publicidad, estudio de ilustraci\u00f3n, editorial, fotomec\u00e1nica, servicios gr\u00e1ficos y actualmente freelance.<\/p>\n<p style=\"text-align: left;\">Habilidades<br \/>\nIlustraci\u00f3n: 75%<br \/>\nDise\u00f1o Gr\u00e1fico: 80%<br \/>\nRetoque de imagen: 85%<br \/>\nArte Final: 90%<\/p>\n","protected":false},"excerpt":{"rendered":"<p>Soy OscarVG Ilustrador Dise\u00f1ador gr\u00e1fico Arte finalista Maquetador de publicaciones Desde peque\u00f1o siempre me han apasionado los anime, las pinturas de los grandes autores cl\u00e1sicos, los comics y por supuesto todas las pel\u00edculas de dibujos animados y ficci\u00f3n que pon\u00edan todos los veranos en los cines de nuestras ciudades y pueblos.<\/p>\n","protected":false},"author":1,"featured_media":55,"parent":0,"menu_order":0,"comment_status":"closed","ping_status":"closed","template":"","meta":{"footnotes":""},"class_list":["post-11","page","type-page","status-publish","has-post-thumbnail","hentry"],"_links":{"self":[{"href":"https:\/\/oscarvg.es\/index.php?rest_route=\/wp\/v2\/pages\/11","targetHints":{"allow":["GET"]}}],"collection":[{"href":"https:\/\/oscarvg.es\/index.php?rest_route=\/wp\/v2\/pages"}],"about":[{"href":"https:\/\/oscarvg.es\/index.php?rest_route=\/wp\/v2\/types\/page"}],"author":[{"embeddable":true,"href":"https:\/\/oscarvg.es\/index.php?rest_route=\/wp\/v2\/users\/1"}],"replies":[{"embeddable":true,"href":"https:\/\/oscarvg.es\/index.php?rest_route=%2Fwp%2Fv2%2Fcomments&post=11"}],"version-history":[{"count":37,"href":"https:\/\/oscarvg.es\/index.php?rest_route=\/wp\/v2\/pages\/11\/revisions"}],"predecessor-version":[{"id":613,"href":"https:\/\/oscarvg.es\/index.php?rest_route=\/wp\/v2\/pages\/11\/revisions\/613"}],"wp:featuredmedia":[{"embeddable":true,"href":"https:\/\/oscarvg.es\/index.php?rest_route=\/wp\/v2\/media\/55"}],"wp:attachment":[{"href":"https:\/\/oscarvg.es\/index.php?rest_route=%2Fwp%2Fv2%2Fmedia&parent=11"}],"curies":[{"name":"wp","href":"https:\/\/api.w.org\/{rel}","templated":true}]}}