{"id":130,"date":"2017-09-19T16:41:24","date_gmt":"2017-09-19T14:41:24","guid":{"rendered":"http:\/\/oscarvg.es\/?page_id=130"},"modified":"2023-06-28T21:35:04","modified_gmt":"2023-06-28T19:35:04","slug":"galeria","status":"publish","type":"page","link":"https:\/\/oscarvg.es\/?page_id=130","title":{"rendered":"PORTFOLIO"},"content":{"rendered":"<h2><span style=\"color: #99ccff;\">En estas galer\u00eda muestro algunos de mis trabajos.<\/span><\/h2>\n<hr \/>\n<h3><span style=\"color: #999999;\">Desde aqu\u00ed o desde el men\u00fa podeis acceder a visualizar las galer\u00edas de muestra de algunos de mis trabajos clasificadas por tipos.<\/span><\/h3>\n<p>&nbsp;<\/p>\n<style>#jtg-558 .modula-item { border-radius: 15px; }#jtg-558 .modula-item .jtg-social a, .lightbox-socials.jtg-social a{ fill: #ffffff; color: #ffffff }#jtg-558 .modula-item .jtg-social-mobile a{ fill: #ffffff; color: #ffffff }#jtg-558 .modula-item .jtg-social svg, .lightbox-socials.jtg-social svg { height: 16px; width: 16px }#jtg-558 .modula-item .jtg-social-mobile svg { height: 16px; width: 16px }#jtg-558 .modula-item .jtg-social a:not(:last-child), .lightbox-socials.jtg-social a:not(:last-child) { margin-right: 10px }#jtg-558 .modula-item .jtg-social-mobile .jtg-social-mobile-icons a:not(:last-child){ margin-right: 10px }#jtg-558 .modula-item .figc {color:#ffffff;}#jtg-558 .modula-item .figc .jtg-title {  font-size: 16px; }#jtg-558 .modula-item .modula-item-content { transform: scale(0) }#jtg-558 { width:100%;}#jtg-558 .modula-items{height:750px;}@media screen and (max-width: 992px) {#jtg-558 .modula-items{height:750px;}}@media screen and (max-width: 768px) {#jtg-558 .modula-items{height:750px;}}#jtg-558 .modula-items .figc p.description { font-size:14px; }#jtg-558 .modula-items .figc p.description { color:#ffffff;}#jtg-558.modula-gallery .modula-item > a, #jtg-558.modula-gallery .modula-item, #jtg-558.modula-gallery .modula-item-content > a:not(.modula-no-follow) { cursor:zoom-in; } #jtg-558.modula-gallery .modula-item-content .modula-no-follow { cursor: default; } @media screen and (max-width:480px){#jtg-558 .modula-item .figc .jtg-title {  font-size: 12px; }#jtg-558 .modula-items .figc p.description { color:#ffffff;font-size:10px; }}#jtg-558 .modula-items .modula-item:hover img{opacity:1;}<\/style>\n<div  id=\"jtg-558\" class=\"modula modula-gallery modula-creative-gallery\" data-config=\"{&quot;height&quot;:750,&quot;tabletHeight&quot;:750,&quot;mobileHeight&quot;:750,&quot;desktopHeight&quot;:750,&quot;enableTwitter&quot;:false,&quot;enableWhatsapp&quot;:true,&quot;enableFacebook&quot;:false,&quot;enablePinterest&quot;:false,&quot;enableLinkedin&quot;:true,&quot;enableEmail&quot;:false,&quot;randomFactor&quot;:0.5,&quot;type&quot;:&quot;creative-gallery&quot;,&quot;columns&quot;:12,&quot;gutter&quot;:10,&quot;mobileGutter&quot;:10,&quot;tabletGutter&quot;:10,&quot;desktopGutter&quot;:10,&quot;enableResponsive&quot;:&quot;0&quot;,&quot;tabletColumns&quot;:&quot;2&quot;,&quot;mobileColumns&quot;:&quot;1&quot;,&quot;lazyLoad&quot;:&quot;0&quot;,&quot;lightboxOpts&quot;:{&quot;animated&quot;:true,&quot;Thumbs&quot;:{&quot;type&quot;:&quot;modern&quot;,&quot;showOnStart&quot;:false},&quot;Toolbar&quot;:{&quot;display&quot;:{&quot;right&quot;:[&quot;close&quot;]},&quot;enabled&quot;:true},&quot;Carousel&quot;:{&quot;Panzoom&quot;:{&quot;touch&quot;:false},&quot;infinite&quot;:false},&quot;keyboard&quot;:{&quot;Escape&quot;:&quot;close&quot;,&quot;Delete&quot;:&quot;close&quot;,&quot;Backspace&quot;:&quot;close&quot;,&quot;PageUp&quot;:false,&quot;PageDown&quot;:false,&quot;ArrowUp&quot;:false,&quot;ArrowDown&quot;:false,&quot;ArrowRight&quot;:false,&quot;ArrowLeft&quot;:false},&quot;touch&quot;:false,&quot;backdropClick&quot;:false,&quot;l10n&quot;:{&quot;CLOSE&quot;:&quot;Cerrar&quot;,&quot;NEXT&quot;:&quot;Siguiente&quot;,&quot;PREV&quot;:&quot;Anterior&quot;,&quot;Error&quot;:&quot;No se ha podido cargar el contenido solicitado. Por favor, int\\u00e9ntalo de nuevo m\\u00e1s tarde.&quot;,&quot;PLAY_START&quot;:&quot;Empezar la presentaci\\u00f3n&quot;,&quot;PLAY_STOP&quot;:&quot;Pausar la presentaci\\u00f3n&quot;,&quot;FULL_SCREEN&quot;:&quot;Pantalla completa&quot;,&quot;THUMBS&quot;:&quot;Miniaturas&quot;,&quot;DOWNLOAD&quot;:&quot;Descargar&quot;,&quot;SHARE&quot;:&quot;Compartir&quot;,&quot;ZOOM&quot;:&quot;Zoom&quot;,&quot;EMAIL&quot;:&quot;Here is the link to the image : %%image_link%% and this is the link to the gallery : %%gallery_link%%&quot;,&quot;MODAL&quot;:&quot;Puedes cerrar este contenido emergente con la tecla ESC&quot;,&quot;ERROR&quot;:&quot;Algo ha ido mal, pro favor, prueba de nuevo m\\u00e1s tarde&quot;,&quot;IMAGE_ERROR&quot;:&quot;Imagen no encontrada&quot;,&quot;ELEMENT_NOT_FOUND&quot;:&quot;No se ha encontrado el elemento HTML&quot;,&quot;AJAX_NOT_FOUND&quot;:&quot;Error al cargar AJAX: No encontrado&quot;,&quot;AJAX_FORBIDDEN&quot;:&quot;Error al cargar AJAX: Prohibido&quot;,&quot;IFRAME_ERROR&quot;:&quot;Error al cargar la p\\u00e1gina&quot;,&quot;TOGGLE_ZOOM&quot;:&quot;Alternar nivel de ampliar\\\/acercar&quot;,&quot;TOGGLE_THUMBS&quot;:&quot;Alternar miniaturas&quot;,&quot;TOGGLE_SLIDESHOW&quot;:&quot;Alternar diapositiva&quot;,&quot;TOGGLE_FULLSCREEN&quot;:&quot;Cambiar al modo de pantalla completa&quot;},&quot;Images&quot;:{&quot;Panzoom&quot;:{&quot;maxScale&quot;:2}},&quot;mainClass&quot;:&quot;modula-fancybox-container modula-lightbox-jtg-558&quot;,&quot;Html&quot;:{&quot;videoAutoplay&quot;:0,&quot;videoTpl&quot;:&quot;&lt;video class=\\&quot;fancybox__html5video\\&quot; controls muted playsinline controlsList controlsList=\\&quot;nodownload\\&quot; poster=\\&quot;{{poster}}\\&quot; src=\\&quot;{{src}}\\&quot; type=\\&quot;{{format}}\\&quot; &gt;  Sorry, your browser doesn&#039;t support embedded videos, &lt;a href=\\&quot;{{src}}\\&quot;&gt; download &lt;\\\/a&gt; and watch with your favorite video player! &lt;\\\/video&gt;&quot;}},&quot;inView&quot;:false,&quot;email_subject&quot;:&quot;Check out this awesome image !!&quot;,&quot;email_message&quot;:&quot;Here is the link to the image : %%image_link%% and this is the link to the gallery : %%gallery_link%%&quot;,&quot;lightbox&quot;:&quot;attachment-page&quot;}\">\n\n\t\n\t<div  class=\"modula-items\">\n\t\t<div class=\"modula-item modula-simple-link\" >\n\t<div class=\"modula-item-content\">\n\t\t\n\t\t\t\t\t<a data-image-id=\"390\" tabindex=\"0\" class=\"modula-simple-link\" aria-label=\"Abrir enlace externo\" href=\"https:\/\/oscarvg.es\/?page_id=259\" class=\"tile-inner modula-item-link\"><\/a>\n\t\t\n\t\t<img loading=\"lazy\" decoding=\"async\" class=\"pic wp-image-390\"  data-valign=\"middle\" data-halign=\"center\" alt=\"\" data-full=\"https:\/\/oscarvg.es\/wp-content\/uploads\/2017\/09\/OscarVG-Tarjetas.jpg\" title=\"OscarVG-Tarjetas\" width=\"300\" height=\"200\" src=\"https:\/\/oscarvg.es\/wp-content\/uploads\/2017\/09\/OscarVG-Tarjetas-300x200.jpg\" data-src=\"https:\/\/oscarvg.es\/wp-content\/uploads\/2017\/09\/OscarVG-Tarjetas-300x200.jpg\" data-caption=\"\" srcset=\"https:\/\/oscarvg.es\/wp-content\/uploads\/2017\/09\/OscarVG-Tarjetas.jpg 1280w, https:\/\/oscarvg.es\/wp-content\/uploads\/2017\/09\/OscarVG-Tarjetas-300x200.jpg 300w, https:\/\/oscarvg.es\/wp-content\/uploads\/2017\/09\/OscarVG-Tarjetas-768x511.jpg 768w, https:\/\/oscarvg.es\/wp-content\/uploads\/2017\/09\/OscarVG-Tarjetas-1024x682.jpg 1024w\" sizes=\"auto, (max-width: 300px) 100vw, 300px\" \/>\n\t<\/div>\n\n<\/div><div class=\"modula-item modula-simple-link\" >\n\t<div class=\"modula-item-content\">\n\t\t\n\t\t\t\t\t<a data-image-id=\"77\" tabindex=\"0\" class=\"modula-simple-link\" aria-label=\"Abrir enlace externo\" href=\"https:\/\/oscarvg.es\/?page_id=306\" class=\"tile-inner modula-item-link\"><\/a>\n\t\t\n\t\t<img loading=\"lazy\" decoding=\"async\" class=\"pic wp-image-77\"  data-valign=\"middle\" data-halign=\"center\" alt=\"Revista Aluche PQEMB-7 - Portada\" data-full=\"https:\/\/oscarvg.es\/wp-content\/uploads\/2017\/09\/A_PQEMB_07-PORTADA.jpg\" title=\"Revista Aluche PQEMB-7 - 0\" width=\"300\" height=\"206\" src=\"https:\/\/oscarvg.es\/wp-content\/uploads\/2017\/09\/A_PQEMB_07-PORTADA-300x206.jpg\" data-src=\"https:\/\/oscarvg.es\/wp-content\/uploads\/2017\/09\/A_PQEMB_07-PORTADA-300x206.jpg\" data-caption=\"Revista Aluche por que es mi barrio n\u00ba 7. Portada.\" srcset=\"https:\/\/oscarvg.es\/wp-content\/uploads\/2017\/09\/A_PQEMB_07-PORTADA.jpg 960w, https:\/\/oscarvg.es\/wp-content\/uploads\/2017\/09\/A_PQEMB_07-PORTADA-300x206.jpg 300w, https:\/\/oscarvg.es\/wp-content\/uploads\/2017\/09\/A_PQEMB_07-PORTADA-768x528.jpg 768w\" sizes=\"auto, (max-width: 300px) 100vw, 300px\" \/>\n\t<\/div>\n\n<\/div><div class=\"modula-item modula-simple-link\" >\n\t<div class=\"modula-item-content\">\n\t\t\n\t\t\t\t\t<a data-image-id=\"119\" tabindex=\"0\" class=\"modula-simple-link\" aria-label=\"Abrir enlace externo\" href=\"https:\/\/oscarvg.es\/?page_id=525\" class=\"tile-inner modula-item-link\"><\/a>\n\t\t\n\t\t<img loading=\"lazy\" decoding=\"async\" class=\"pic wp-image-119\"  data-valign=\"middle\" data-halign=\"center\" alt=\"Ni\u00f1a Manga\" data-full=\"https:\/\/oscarvg.es\/wp-content\/uploads\/2017\/09\/Nena_Manga-e1506466238965.jpg\" title=\"Ni\u00f1a Manga\" width=\"300\" height=\"257\" src=\"https:\/\/oscarvg.es\/wp-content\/uploads\/2017\/09\/Nena_Manga-e1506466238965.jpg\" data-src=\"https:\/\/oscarvg.es\/wp-content\/uploads\/2017\/09\/Nena_Manga-e1506466238965.jpg\" data-caption=\"Ni\u00f1a Manga\" srcset=\"https:\/\/oscarvg.es\/wp-content\/uploads\/2017\/09\/Nena_Manga-e1506466238965.jpg 1280w, https:\/\/oscarvg.es\/wp-content\/uploads\/2017\/09\/Nena_Manga-e1506466238965-300x257.jpg 300w\" sizes=\"auto, (max-width: 300px) 100vw, 300px\" \/>\n\t<\/div>\n\n<\/div><div class=\"modula-item modula-simple-link\" >\n\t<div class=\"modula-item-content\">\n\t\t\n\t\t\t\t\t<a data-image-id=\"505\" tabindex=\"0\" class=\"modula-simple-link\" aria-label=\"Abrir enlace externo\" href=\"https:\/\/oscarvg.es\/?page_id=526\" class=\"tile-inner modula-item-link\"><\/a>\n\t\t\n\t\t<img loading=\"lazy\" decoding=\"async\" class=\"pic wp-image-505\"  data-valign=\"middle\" data-halign=\"center\" alt=\"\" data-full=\"https:\/\/oscarvg.es\/wp-content\/uploads\/2018\/09\/OQAN-Q7-AF-3D.jpg\" title=\"OQAN-Q7-AF-3D\" width=\"300\" height=\"300\" src=\"https:\/\/oscarvg.es\/wp-content\/uploads\/2018\/09\/OQAN-Q7-AF-3D-300x300.jpg\" data-src=\"https:\/\/oscarvg.es\/wp-content\/uploads\/2018\/09\/OQAN-Q7-AF-3D-300x300.jpg\" data-caption=\"\" srcset=\"https:\/\/oscarvg.es\/wp-content\/uploads\/2018\/09\/OQAN-Q7-AF-3D.jpg 1200w, https:\/\/oscarvg.es\/wp-content\/uploads\/2018\/09\/OQAN-Q7-AF-3D-150x150.jpg 150w, https:\/\/oscarvg.es\/wp-content\/uploads\/2018\/09\/OQAN-Q7-AF-3D-300x300.jpg 300w, https:\/\/oscarvg.es\/wp-content\/uploads\/2018\/09\/OQAN-Q7-AF-3D-768x768.jpg 768w, https:\/\/oscarvg.es\/wp-content\/uploads\/2018\/09\/OQAN-Q7-AF-3D-1024x1024.jpg 1024w, https:\/\/oscarvg.es\/wp-content\/uploads\/2018\/09\/OQAN-Q7-AF-3D-100x100.jpg 100w\" sizes=\"auto, (max-width: 300px) 100vw, 300px\" \/>\n\t<\/div>\n\n<\/div><div class=\"modula-item modula-simple-link\" >\n\t<div class=\"modula-item-content\">\n\t\t\n\t\t\t\t\t<a data-image-id=\"583\" tabindex=\"0\" class=\"modula-simple-link\" aria-label=\"Abrir enlace externo\" href=\"https:\/\/oscarvg.es\/?page_id=601\" class=\"tile-inner modula-item-link\"><\/a>\n\t\t\n\t\t<img loading=\"lazy\" decoding=\"async\" class=\"pic wp-image-583\"  data-valign=\"middle\" data-halign=\"center\" alt=\"\" data-full=\"https:\/\/oscarvg.es\/wp-content\/uploads\/2020\/03\/ficticio-CAJA-MADERA-300gr.jpg\" title=\"ficticio-CAJA-MADERA-300gr\" width=\"300\" height=\"225\" src=\"https:\/\/oscarvg.es\/wp-content\/uploads\/2020\/03\/ficticio-CAJA-MADERA-300gr-300x225.jpg\" data-src=\"https:\/\/oscarvg.es\/wp-content\/uploads\/2020\/03\/ficticio-CAJA-MADERA-300gr-300x225.jpg\" data-caption=\"\" srcset=\"https:\/\/oscarvg.es\/wp-content\/uploads\/2020\/03\/ficticio-CAJA-MADERA-300gr.jpg 1200w, https:\/\/oscarvg.es\/wp-content\/uploads\/2020\/03\/ficticio-CAJA-MADERA-300gr-300x225.jpg 300w, https:\/\/oscarvg.es\/wp-content\/uploads\/2020\/03\/ficticio-CAJA-MADERA-300gr-1024x768.jpg 1024w, https:\/\/oscarvg.es\/wp-content\/uploads\/2020\/03\/ficticio-CAJA-MADERA-300gr-768x576.jpg 768w\" sizes=\"auto, (max-width: 300px) 100vw, 300px\" \/>\n\t<\/div>\n\n<\/div>\t\t\n\t<\/div>\n\n\t\n\t\n\t<script type=\"application\/ld+json\">\n\t{\n\t\t\"@context\": \"http:\/\/schema.org\",\n\t\t\"@type\"   : \"ImageGallery\",\n\t\t\"id\"      : \"https:\/\/oscarvg.es\/?page_id=130\/\",\n\t\t\"url\"     : \"https:\/\/oscarvg.es\/?page_id=130\/\"\n\t}\n\n\t<\/script>\n\n\t\n<\/div>\n","protected":false},"excerpt":{"rendered":"<p>En estas galer\u00eda muestro algunos de mis trabajos. Desde aqu\u00ed o desde el men\u00fa podeis acceder a visualizar las galer\u00edas de muestra de algunos de mis trabajos clasificadas por tipos. &nbsp;<\/p>\n","protected":false},"author":1,"featured_media":92,"parent":0,"menu_order":0,"comment_status":"closed","ping_status":"closed","template":"","meta":{"footnotes":""},"class_list":["post-130","page","type-page","status-publish","has-post-thumbnail","hentry"],"_links":{"self":[{"href":"https:\/\/oscarvg.es\/index.php?rest_route=\/wp\/v2\/pages\/130","targetHints":{"allow":["GET"]}}],"collection":[{"href":"https:\/\/oscarvg.es\/index.php?rest_route=\/wp\/v2\/pages"}],"about":[{"href":"https:\/\/oscarvg.es\/index.php?rest_route=\/wp\/v2\/types\/page"}],"author":[{"embeddable":true,"href":"https:\/\/oscarvg.es\/index.php?rest_route=\/wp\/v2\/users\/1"}],"replies":[{"embeddable":true,"href":"https:\/\/oscarvg.es\/index.php?rest_route=%2Fwp%2Fv2%2Fcomments&post=130"}],"version-history":[{"count":41,"href":"https:\/\/oscarvg.es\/index.php?rest_route=\/wp\/v2\/pages\/130\/revisions"}],"predecessor-version":[{"id":627,"href":"https:\/\/oscarvg.es\/index.php?rest_route=\/wp\/v2\/pages\/130\/revisions\/627"}],"wp:featuredmedia":[{"embeddable":true,"href":"https:\/\/oscarvg.es\/index.php?rest_route=\/wp\/v2\/media\/92"}],"wp:attachment":[{"href":"https:\/\/oscarvg.es\/index.php?rest_route=%2Fwp%2Fv2%2Fmedia&parent=130"}],"curies":[{"name":"wp","href":"https:\/\/api.w.org\/{rel}","templated":true}]}}